{"id":11306,"date":"2026-03-12T03:57:06","date_gmt":"2026-03-12T09:57:06","guid":{"rendered":"https:\/\/peopleofcostarica.com\/acerca-de-people-of-costa-rica\/"},"modified":"2026-03-24T10:24:27","modified_gmt":"2026-03-24T16:24:27","slug":"acerca-de-people-of-costa-rica","status":"publish","type":"page","link":"https:\/\/peopleofcostarica.com\/es\/acerca-de-people-of-costa-rica\/","title":{"rendered":"Acerca de People of Costa Rica"},"content":{"rendered":"\t\t<div data-elementor-type=\"wp-page\" data-elementor-id=\"11306\" class=\"elementor elementor-11306 elementor-9427\" data-elementor-post-type=\"page\">\n\t\t\t\t<div class=\"elementor-element elementor-element-56352979 e-flex e-con-boxed e-con e-parent\" data-id=\"56352979\" data-element_type=\"container\" data-e-type=\"container\" data-settings=\"{&quot;jet_parallax_layout_list&quot;:[]}\">\n\t\t\t\t\t<div class=\"e-con-inner\">\n\t\t\t\t<div class=\"elementor-element elementor-element-63a4e4a2 elementor-widget elementor-widget-heading\" data-id=\"63a4e4a2\" data-element_type=\"widget\" data-e-type=\"widget\" data-widget_type=\"heading.default\">\n\t\t\t\t\t<h1 class=\"elementor-heading-title elementor-size-default\">Bienvenido a People of Costa Rica<\/h1>\t\t\t\t<\/div>\n\t\t\t\t<div class=\"elementor-element elementor-element-553aeac9 elementor-shape-rounded elementor-grid-0 e-grid-align-center elementor-widget elementor-widget-social-icons\" data-id=\"553aeac9\" data-element_type=\"widget\" data-e-type=\"widget\" data-widget_type=\"social-icons.default\">\n\t\t\t\t\t\t\t<div class=\"elementor-social-icons-wrapper elementor-grid\" role=\"list\">\n\t\t\t\t\t\t\t<span class=\"elementor-grid-item\" role=\"listitem\">\n\t\t\t\t\t<a class=\"elementor-icon elementor-social-icon elementor-social-icon-instagram elementor-repeater-item-5451847\" href=\"https:\/\/www.instagram.com\/peopleofcostarica\/\" target=\"_blank\" rel=\"noopener\">\n\t\t\t\t\t\t<span class=\"elementor-screen-only\">Instagram<\/span>\n\t\t\t\t\t\t<svg aria-hidden=\"true\" class=\"e-font-icon-svg e-fab-instagram\" viewBox=\"0 0 448 512\" xmlns=\"http:\/\/www.w3.org\/2000\/svg\"><path d=\"M224.1 141c-63.6 0-114.9 51.3-114.9 114.9s51.3 114.9 114.9 114.9S339 319.5 339 255.9 287.7 141 224.1 141zm0 189.6c-41.1 0-74.7-33.5-74.7-74.7s33.5-74.7 74.7-74.7 74.7 33.5 74.7 74.7-33.6 74.7-74.7 74.7zm146.4-194.3c0 14.9-12 26.8-26.8 26.8-14.9 0-26.8-12-26.8-26.8s12-26.8 26.8-26.8 26.8 12 26.8 26.8zm76.1 27.2c-1.7-35.9-9.9-67.7-36.2-93.9-26.2-26.2-58-34.4-93.9-36.2-37-2.1-147.9-2.1-184.9 0-35.8 1.7-67.6 9.9-93.9 36.1s-34.4 58-36.2 93.9c-2.1 37-2.1 147.9 0 184.9 1.7 35.9 9.9 67.7 36.2 93.9s58 34.4 93.9 36.2c37 2.1 147.9 2.1 184.9 0 35.9-1.7 67.7-9.9 93.9-36.2 26.2-26.2 34.4-58 36.2-93.9 2.1-37 2.1-147.8 0-184.8zM398.8 388c-7.8 19.6-22.9 34.7-42.6 42.6-29.5 11.7-99.5 9-132.1 9s-102.7 2.6-132.1-9c-19.6-7.8-34.7-22.9-42.6-42.6-11.7-29.5-9-99.5-9-132.1s-2.6-102.7 9-132.1c7.8-19.6 22.9-34.7 42.6-42.6 29.5-11.7 99.5-9 132.1-9s102.7-2.6 132.1 9c19.6 7.8 34.7 22.9 42.6 42.6 11.7 29.5 9 99.5 9 132.1s2.7 102.7-9 132.1z\"><\/path><\/svg>\t\t\t\t\t<\/a>\n\t\t\t\t<\/span>\n\t\t\t\t\t\t\t<span class=\"elementor-grid-item\" role=\"listitem\">\n\t\t\t\t\t<a class=\"elementor-icon elementor-social-icon elementor-social-icon-facebook elementor-repeater-item-cd8b56a\" href=\"https:\/\/www.facebook.com\/profile.php?id=61559005353747\" target=\"_blank\" rel=\"noopener\">\n\t\t\t\t\t\t<span class=\"elementor-screen-only\">Facebook<\/span>\n\t\t\t\t\t\t<svg aria-hidden=\"true\" class=\"e-font-icon-svg e-fab-facebook\" viewBox=\"0 0 512 512\" xmlns=\"http:\/\/www.w3.org\/2000\/svg\"><path d=\"M504 256C504 119 393 8 256 8S8 119 8 256c0 123.78 90.69 226.38 209.25 245V327.69h-63V256h63v-54.64c0-62.15 37-96.48 93.67-96.48 27.14 0 55.52 4.84 55.52 4.84v61h-31.28c-30.8 0-40.41 19.12-40.41 38.73V256h68.78l-11 71.69h-57.78V501C413.31 482.38 504 379.78 504 256z\"><\/path><\/svg>\t\t\t\t\t<\/a>\n\t\t\t\t<\/span>\n\t\t\t\t\t\t\t<span class=\"elementor-grid-item\" role=\"listitem\">\n\t\t\t\t\t<a class=\"elementor-icon elementor-social-icon elementor-social-icon-tiktok elementor-repeater-item-f3d11d8\" href=\"https:\/\/www.tiktok.com\/@people_of_costarica\" target=\"_blank\" rel=\"noopener\">\n\t\t\t\t\t\t<span class=\"elementor-screen-only\">Tiktok<\/span>\n\t\t\t\t\t\t<svg aria-hidden=\"true\" class=\"e-font-icon-svg e-fab-tiktok\" viewBox=\"0 0 448 512\" xmlns=\"http:\/\/www.w3.org\/2000\/svg\"><path d=\"M448,209.91a210.06,210.06,0,0,1-122.77-39.25V349.38A162.55,162.55,0,1,1,185,188.31V278.2a74.62,74.62,0,1,0,52.23,71.18V0l88,0a121.18,121.18,0,0,0,1.86,22.17h0A122.18,122.18,0,0,0,381,102.39a121.43,121.43,0,0,0,67,20.14Z\"><\/path><\/svg>\t\t\t\t\t<\/a>\n\t\t\t\t<\/span>\n\t\t\t\t\t<\/div>\n\t\t\t\t\t\t<\/div>\n\t\t\t\t\t<\/div>\n\t\t\t\t<\/div>\n\t\t<div class=\"elementor-element elementor-element-2e398923 e-flex e-con-boxed e-con e-parent\" data-id=\"2e398923\" data-element_type=\"container\" data-e-type=\"container\" data-settings=\"{&quot;jet_parallax_layout_list&quot;:[]}\">\n\t\t\t\t\t<div class=\"e-con-inner\">\n\t\t<div class=\"elementor-element elementor-element-6acf2d54 e-con-full e-flex e-con e-child\" data-id=\"6acf2d54\" data-element_type=\"container\" data-e-type=\"container\" data-settings=\"{&quot;jet_parallax_layout_list&quot;:[]}\">\n\t\t\t\t<div class=\"elementor-element elementor-element-11c2bf14 elementor-widget elementor-widget-heading\" data-id=\"11c2bf14\" data-element_type=\"widget\" data-e-type=\"widget\" data-widget_type=\"heading.default\">\n\t\t\t\t\t<h2 class=\"elementor-heading-title elementor-size-default\">Sobre M\u00ed y el Blog<\/h2>\t\t\t\t<\/div>\n\t\t\t\t<div class=\"elementor-element elementor-element-11a06306 elementor-widget elementor-widget-text-editor\" data-id=\"11a06306\" data-element_type=\"widget\" data-e-type=\"widget\" data-widget_type=\"text-editor.default\">\n\t\t\t\t\t\t\t\t\t<p>Mi nombre es Gerardo Venegas. Bienvenido a mi blog, People of Costa Rica. <\/p><p>People of Costa Rica es una celebraci\u00f3n de todos los habitantes de este hermoso pa\u00eds que he tenido el privilegio de llamar mi hogar y mi pa\u00eds desde que nac\u00ed.<\/p><p>Es la excusa perfecta para cumplir el sue\u00f1o de ese ni\u00f1o de 7 a\u00f1os, que qued\u00f3 fascinado con las fotograf\u00edas e historias del National Geographic y quer\u00eda convertirse en fot\u00f3grafo. Adem\u00e1s, es tambi\u00e9n mi excusa perfecta para seguir viajando y conociendo personas incre\u00edbles en cada rinc\u00f3n de Costa Rica. <\/p>\t\t\t\t\t\t\t\t<\/div>\n\t\t\t\t<\/div>\n\t\t\t\t<div class=\"elementor-element elementor-element-593dc000 elementor-widget__width-initial elementor-widget elementor-widget-image\" data-id=\"593dc000\" data-element_type=\"widget\" data-e-type=\"widget\" data-widget_type=\"image.default\">\n\t\t\t\t\t\t\t\t\t\t\t\t\t\t\t<img fetchpriority=\"high\" decoding=\"async\" width=\"1600\" height=\"1354\" src=\"https:\/\/peopleofcostarica.com\/wp-content\/uploads\/2026\/03\/41063854_979996452201831_7291696450935717888_n-1.jpg\" class=\"attachment-full size-full wp-image-11299\" alt=\"\" srcset=\"https:\/\/peopleofcostarica.com\/wp-content\/uploads\/2026\/03\/41063854_979996452201831_7291696450935717888_n-1.jpg 1600w, https:\/\/peopleofcostarica.com\/wp-content\/uploads\/2026\/03\/41063854_979996452201831_7291696450935717888_n-1-300x254.jpg 300w, https:\/\/peopleofcostarica.com\/wp-content\/uploads\/2026\/03\/41063854_979996452201831_7291696450935717888_n-1-1024x867.jpg 1024w, https:\/\/peopleofcostarica.com\/wp-content\/uploads\/2026\/03\/41063854_979996452201831_7291696450935717888_n-1-768x650.jpg 768w, https:\/\/peopleofcostarica.com\/wp-content\/uploads\/2026\/03\/41063854_979996452201831_7291696450935717888_n-1-1536x1300.jpg 1536w, https:\/\/peopleofcostarica.com\/wp-content\/uploads\/2026\/03\/41063854_979996452201831_7291696450935717888_n-1-1320x1117.jpg 1320w\" sizes=\"(max-width: 1600px) 100vw, 1600px\" \/>\t\t\t\t\t\t\t\t\t\t\t\t\t\t\t<\/div>\n\t\t\t\t\t<\/div>\n\t\t\t\t<\/div>\n\t\t<div class=\"elementor-element elementor-element-5768d0f5 e-flex e-con-boxed e-con e-parent\" data-id=\"5768d0f5\" data-element_type=\"container\" data-e-type=\"container\" data-settings=\"{&quot;jet_parallax_layout_list&quot;:[]}\">\n\t\t\t\t\t<div class=\"e-con-inner\">\n\t\t<div class=\"elementor-element elementor-element-3cc1482c e-con-full e-flex e-con e-child\" data-id=\"3cc1482c\" data-element_type=\"container\" data-e-type=\"container\" data-settings=\"{&quot;jet_parallax_layout_list&quot;:[]}\">\n\t\t\t\t<div class=\"elementor-element elementor-element-68056cd2 elementor-widget elementor-widget-heading\" data-id=\"68056cd2\" data-element_type=\"widget\" data-e-type=\"widget\" data-widget_type=\"heading.default\">\n\t\t\t\t\t<h2 class=\"elementor-heading-title elementor-size-default\">\u00bfQu\u00e9 puedes encontrar aqu\u00ed? <\/h2>\t\t\t\t<\/div>\n\t\t\t\t<div class=\"elementor-element elementor-element-12113e23 elementor-widget elementor-widget-text-editor\" data-id=\"12113e23\" data-element_type=\"widget\" data-e-type=\"widget\" data-widget_type=\"text-editor.default\">\n\t\t\t\t\t\t\t\t\t<p>Mi intenci\u00f3n principal es compartir y dar visibilidad a las historias de los habitantes de Costa Rica. Sin embargo, el blog ha crecido y ha incorporado algunas secciones importantes con informaci\u00f3n \u00fatil para mis lectores. Las secciones principales son:  <\/p><ul><li><p><strong>People of Costa Rica: <\/strong>La secci\u00f3n principal con historias de los habitantes de Costa Rica. Las historias estar\u00e1n organizadas por tem\u00e1tica. <\/p><\/li><li><p><strong>Historia: <\/strong>Una secci\u00f3n dedicada a informaci\u00f3n hist\u00f3rica sobre Costa Rica.<\/p><\/li><li><p><strong>Lugares: <\/strong>Historias y reportajes sobre los lugares que visito.<\/p><\/li><li><p><strong>Agenda: <\/strong>Debido al alto tr\u00e1fico del blog y las visitas de muchos turistas, he a\u00f1adido una secci\u00f3n de agenda para compartir eventos. Si deseas que tu evento aparezca en la secci\u00f3n de agenda, haz clic aqu\u00ed para saber c\u00f3mo. <\/p><\/li><li><p><strong>Blog o Noticias<\/strong>: Una secci\u00f3n para compartir noticias e informaci\u00f3n relevante sobre Costa Rica. No somos, ni tenemos la intenci\u00f3n de ser, un peri\u00f3dico; solo compartir\u00e9 las noticias que considere importantes. <\/p><\/li><li><p><strong>Podcast y Documentales: <\/strong>Este es un nuevo proyecto en el que estoy trabajando; es exactamente lo que el nombre indica. Habr\u00e1 m\u00e1s actualizaciones una vez que tenga el material y la idea sea m\u00e1s concreta.  \ud83d\ude42<\/p><\/li><\/ul>\t\t\t\t\t\t\t\t<\/div>\n\t\t\t\t<\/div>\n\t\t\t\t<div class=\"elementor-element elementor-element-6d940688 elementor-widget__width-initial elementor-widget elementor-widget-image\" data-id=\"6d940688\" data-element_type=\"widget\" data-e-type=\"widget\" data-widget_type=\"image.default\">\n\t\t\t\t\t\t\t\t\t\t\t\t\t\t\t<img decoding=\"async\" width=\"1536\" height=\"1024\" src=\"https:\/\/peopleofcostarica.com\/wp-content\/uploads\/2026\/03\/12605329_1097041006995248_7514531342653566661_o-1-1536x1024-1-1.jpg\" class=\"attachment-full size-full wp-image-11300\" alt=\"\" srcset=\"https:\/\/peopleofcostarica.com\/wp-content\/uploads\/2026\/03\/12605329_1097041006995248_7514531342653566661_o-1-1536x1024-1-1.jpg 1536w, https:\/\/peopleofcostarica.com\/wp-content\/uploads\/2026\/03\/12605329_1097041006995248_7514531342653566661_o-1-1536x1024-1-1-300x200.jpg 300w, https:\/\/peopleofcostarica.com\/wp-content\/uploads\/2026\/03\/12605329_1097041006995248_7514531342653566661_o-1-1536x1024-1-1-1024x683.jpg 1024w, https:\/\/peopleofcostarica.com\/wp-content\/uploads\/2026\/03\/12605329_1097041006995248_7514531342653566661_o-1-1536x1024-1-1-768x512.jpg 768w, https:\/\/peopleofcostarica.com\/wp-content\/uploads\/2026\/03\/12605329_1097041006995248_7514531342653566661_o-1-1536x1024-1-1-1320x880.jpg 1320w\" sizes=\"(max-width: 1536px) 100vw, 1536px\" \/>\t\t\t\t\t\t\t\t\t\t\t\t\t\t\t<\/div>\n\t\t\t\t\t<\/div>\n\t\t\t\t<\/div>\n\t\t<div class=\"elementor-element elementor-element-630e463d e-flex e-con-boxed e-con e-parent\" data-id=\"630e463d\" data-element_type=\"container\" data-e-type=\"container\" data-settings=\"{&quot;jet_parallax_layout_list&quot;:[]}\">\n\t\t\t\t\t<div class=\"e-con-inner\">\n\t\t\t\t<div class=\"elementor-element elementor-element-248d3402 elementor-widget__width-initial elementor-widget elementor-widget-image\" data-id=\"248d3402\" data-element_type=\"widget\" data-e-type=\"widget\" data-widget_type=\"image.default\">\n\t\t\t\t\t\t\t\t\t\t\t\t\t\t\t<img decoding=\"async\" width=\"1024\" height=\"712\" src=\"https:\/\/peopleofcostarica.com\/wp-content\/uploads\/2026\/03\/image-47-1.png\" class=\"attachment-full size-full wp-image-11301\" alt=\"\" srcset=\"https:\/\/peopleofcostarica.com\/wp-content\/uploads\/2026\/03\/image-47-1.png 1024w, https:\/\/peopleofcostarica.com\/wp-content\/uploads\/2026\/03\/image-47-1-300x209.png 300w, https:\/\/peopleofcostarica.com\/wp-content\/uploads\/2026\/03\/image-47-1-768x534.png 768w\" sizes=\"(max-width: 1024px) 100vw, 1024px\" \/>\t\t\t\t\t\t\t\t\t\t\t\t\t\t\t<\/div>\n\t\t<div class=\"elementor-element elementor-element-6515bc23 e-con-full e-flex e-con e-child\" data-id=\"6515bc23\" data-element_type=\"container\" data-e-type=\"container\" data-settings=\"{&quot;jet_parallax_layout_list&quot;:[]}\">\n\t\t\t\t<div class=\"elementor-element elementor-element-f100d38 elementor-widget elementor-widget-heading\" data-id=\"f100d38\" data-element_type=\"widget\" data-e-type=\"widget\" data-widget_type=\"heading.default\">\n\t\t\t\t\t<h2 class=\"elementor-heading-title elementor-size-default\">Un par de preguntas frecuentes<\/h2>\t\t\t\t<\/div>\n\t\t\t\t<div class=\"elementor-element elementor-element-326580df elementor-widget elementor-widget-text-editor\" data-id=\"326580df\" data-element_type=\"widget\" data-e-type=\"widget\" data-widget_type=\"text-editor.default\">\n\t\t\t\t\t\t\t\t\t<ul><li>People of Costa Rica no cobra por aparecer en el sitio web.<\/li><li>Estamos felices de aceptar invitaciones para explorar lugares, destinos y experiencias. No hay costo por los reportajes; solo pedimos que se proporcione comida y alojamiento si es necesario. Para consultas, por favor <a href=\"puravida@peopleofcostarica.com\">escriba a puravida@peopleofcostarica.com.<\/a>  <\/li><li><strong>Espacios Publicitarios: <\/strong>Ofrecemos espacios publicitarios a los clientes de Imagine Paradise para ayudar a <a href=\"info@imagineparadise.xyz\">mantener el blog. Los interesados pueden adquirir planes contactando a info@imagineparadise.xyz.<\/a> <\/li><li>People of Costa Rica acepta donaciones de sus lectores. El sesenta por ciento de los fondos donados se transfiere a una fundaci\u00f3n enfocada en causas sociales o ambientales al final de cada a\u00f1o. <\/li><\/ul>\t\t\t\t\t\t\t\t<\/div>\n\t\t\t\t<\/div>\n\t\t\t\t\t<\/div>\n\t\t\t\t<\/div>\n\t\t<div class=\"elementor-element elementor-element-48769b53 e-flex e-con-boxed e-con e-parent\" data-id=\"48769b53\" data-element_type=\"container\" data-e-type=\"container\" data-settings=\"{&quot;jet_parallax_layout_list&quot;:[]}\">\n\t\t\t\t\t<div class=\"e-con-inner\">\n\t\t\t\t<div class=\"elementor-element elementor-element-759b80c5 elementor-widget__width-inherit elementor-widget elementor-widget-heading\" data-id=\"759b80c5\" data-element_type=\"widget\" data-e-type=\"widget\" data-widget_type=\"heading.default\">\n\t\t\t\t\t<h2 class=\"elementor-heading-title elementor-size-default\">Socios y otros recursos \u00fatiles.<\/h2>\t\t\t\t<\/div>\n\t\t\t\t<div class=\"elementor-element elementor-element-61091dcb elementor-widget__width-initial elementor-position-top elementor-widget elementor-widget-image-box\" data-id=\"61091dcb\" data-element_type=\"widget\" data-e-type=\"widget\" data-widget_type=\"image-box.default\">\n\t\t\t\t\t<div class=\"elementor-image-box-wrapper\"><figure class=\"elementor-image-box-img\"><a href=\"http:\/\/paradiseproductscr.com%20\" target=\"_blank\" tabindex=\"-1\"><img loading=\"lazy\" decoding=\"async\" width=\"512\" height=\"512\" src=\"https:\/\/peopleofcostarica.com\/wp-content\/uploads\/2026\/03\/Paradise-Products-Costa-Rica-1.jpg\" class=\"attachment-full size-full wp-image-11302\" alt=\"\" srcset=\"https:\/\/peopleofcostarica.com\/wp-content\/uploads\/2026\/03\/Paradise-Products-Costa-Rica-1.jpg 512w, https:\/\/peopleofcostarica.com\/wp-content\/uploads\/2026\/03\/Paradise-Products-Costa-Rica-1-300x300.jpg 300w, https:\/\/peopleofcostarica.com\/wp-content\/uploads\/2026\/03\/Paradise-Products-Costa-Rica-1-150x150.jpg 150w\" sizes=\"(max-width: 512px) 100vw, 512px\" \/><\/a><\/figure><div class=\"elementor-image-box-content\"><h3 class=\"elementor-image-box-title\"><a href=\"http:\/\/paradiseproductscr.com%20\" target=\"_blank\">Paradise Products Costa Rica<\/a><\/h3><p class=\"elementor-image-box-description\">Tienda en l\u00ednea de comercio justo para productos costarricenses<\/p><\/div><\/div>\t\t\t\t<\/div>\n\t\t\t\t<div class=\"elementor-element elementor-element-794f47a0 elementor-widget__width-initial elementor-position-top elementor-widget elementor-widget-image-box\" data-id=\"794f47a0\" data-element_type=\"widget\" data-e-type=\"widget\" data-widget_type=\"image-box.default\">\n\t\t\t\t\t<div class=\"elementor-image-box-wrapper\"><figure class=\"elementor-image-box-img\"><a href=\"http:\/\/costaricaspecies.com\" tabindex=\"-1\" target=\"_blank\" rel=\"noopener\"><img loading=\"lazy\" decoding=\"async\" width=\"512\" height=\"512\" src=\"https:\/\/peopleofcostarica.com\/wp-content\/uploads\/2026\/03\/Tangoi-1-1.jpg\" class=\"attachment-full size-full wp-image-11303\" alt=\"\" srcset=\"https:\/\/peopleofcostarica.com\/wp-content\/uploads\/2026\/03\/Tangoi-1-1.jpg 512w, https:\/\/peopleofcostarica.com\/wp-content\/uploads\/2026\/03\/Tangoi-1-1-300x300.jpg 300w, https:\/\/peopleofcostarica.com\/wp-content\/uploads\/2026\/03\/Tangoi-1-1-150x150.jpg 150w\" sizes=\"(max-width: 512px) 100vw, 512px\" \/><\/a><\/figure><div class=\"elementor-image-box-content\"><h3 class=\"elementor-image-box-title\"><a href=\"http:\/\/costaricaspecies.com\" target=\"_blank\" rel=\"noopener\">Costa Rica Species<\/a><\/h3><p class=\"elementor-image-box-description\">Un Blog y Cat\u00e1logo del Ecosistema de Costa Rica.<\/p><\/div><\/div>\t\t\t\t<\/div>\n\t\t\t\t<div class=\"elementor-element elementor-element-5e818e1b elementor-widget__width-initial elementor-position-top elementor-widget elementor-widget-image-box\" data-id=\"5e818e1b\" data-element_type=\"widget\" data-e-type=\"widget\" data-widget_type=\"image-box.default\">\n\t\t\t\t\t<div class=\"elementor-image-box-wrapper\"><figure class=\"elementor-image-box-img\"><a href=\"http:\/\/imagineparadise.xyz\" tabindex=\"-1\" target=\"_blank\" rel=\"noopener\"><img loading=\"lazy\" decoding=\"async\" width=\"512\" height=\"512\" src=\"https:\/\/peopleofcostarica.com\/wp-content\/uploads\/2026\/03\/Tangoi-2-1.jpg\" class=\"attachment-full size-full wp-image-11304\" alt=\"\" srcset=\"https:\/\/peopleofcostarica.com\/wp-content\/uploads\/2026\/03\/Tangoi-2-1.jpg 512w, https:\/\/peopleofcostarica.com\/wp-content\/uploads\/2026\/03\/Tangoi-2-1-300x300.jpg 300w, https:\/\/peopleofcostarica.com\/wp-content\/uploads\/2026\/03\/Tangoi-2-1-150x150.jpg 150w\" sizes=\"(max-width: 512px) 100vw, 512px\" \/><\/a><\/figure><div class=\"elementor-image-box-content\"><h3 class=\"elementor-image-box-title\"><a href=\"http:\/\/imagineparadise.xyz\" target=\"_blank\" rel=\"noopener\">Imagine Paradise<\/a><\/h3><p class=\"elementor-image-box-description\">Agencia de Marketing Digital Boutique en Costa Rica<\/p><\/div><\/div>\t\t\t\t<\/div>\n\t\t\t\t<div class=\"elementor-element elementor-element-1fb2a712 elementor-widget__width-initial elementor-position-top elementor-widget elementor-widget-image-box\" data-id=\"1fb2a712\" data-element_type=\"widget\" data-e-type=\"widget\" data-widget_type=\"image-box.default\">\n\t\t\t\t\t<div class=\"elementor-image-box-wrapper\"><figure class=\"elementor-image-box-img\"><a href=\"http:\/\/greencircleexperience.com\" tabindex=\"-1\" target=\"_blank\" rel=\"noopener\"><img loading=\"lazy\" decoding=\"async\" width=\"512\" height=\"512\" src=\"https:\/\/peopleofcostarica.com\/wp-content\/uploads\/2026\/03\/Tangoi-3-1.jpg\" class=\"attachment-full size-full wp-image-11305\" alt=\"\" srcset=\"https:\/\/peopleofcostarica.com\/wp-content\/uploads\/2026\/03\/Tangoi-3-1.jpg 512w, https:\/\/peopleofcostarica.com\/wp-content\/uploads\/2026\/03\/Tangoi-3-1-300x300.jpg 300w, https:\/\/peopleofcostarica.com\/wp-content\/uploads\/2026\/03\/Tangoi-3-1-150x150.jpg 150w\" sizes=\"(max-width: 512px) 100vw, 512px\" \/><\/a><\/figure><div class=\"elementor-image-box-content\"><h3 class=\"elementor-image-box-title\"><a href=\"http:\/\/greencircleexperience.com\" target=\"_blank\" rel=\"noopener\">Green Circle Experience<\/a><\/h3><p class=\"elementor-image-box-description\">Agencia de Viajes Sostenibles y Alquiler de Autos<\/p><\/div><\/div>\t\t\t\t<\/div>\n\t\t\t\t\t<\/div>\n\t\t\t\t<\/div>\n\t\t\t\t<\/div>\n\t\t","protected":false},"excerpt":{"rendered":"<p>Bienvenido a People of Costa Rica Instagram Facebook Tiktok Sobre M\u00ed y el Blog Mi nombre es Gerardo Venegas. Bienvenido a mi blog, People of Costa Rica. People of Costa Rica es una celebraci\u00f3n de todos los habitantes de este hermoso pa\u00eds que he tenido el privilegio de llamar mi hogar y mi pa\u00eds desde [&hellip;]<\/p>\n","protected":false},"author":17,"featured_media":0,"parent":0,"menu_order":0,"comment_status":"closed","ping_status":"closed","template":"","meta":{"footnotes":""},"class_list":["post-11306","page","type-page","status-publish","hentry"],"_links":{"self":[{"href":"https:\/\/peopleofcostarica.com\/es\/wp-json\/wp\/v2\/pages\/11306","targetHints":{"allow":["GET"]}}],"collection":[{"href":"https:\/\/peopleofcostarica.com\/es\/wp-json\/wp\/v2\/pages"}],"about":[{"href":"https:\/\/peopleofcostarica.com\/es\/wp-json\/wp\/v2\/types\/page"}],"author":[{"embeddable":true,"href":"https:\/\/peopleofcostarica.com\/es\/wp-json\/wp\/v2\/users\/17"}],"replies":[{"embeddable":true,"href":"https:\/\/peopleofcostarica.com\/es\/wp-json\/wp\/v2\/comments?post=11306"}],"version-history":[{"count":1,"href":"https:\/\/peopleofcostarica.com\/es\/wp-json\/wp\/v2\/pages\/11306\/revisions"}],"predecessor-version":[{"id":11307,"href":"https:\/\/peopleofcostarica.com\/es\/wp-json\/wp\/v2\/pages\/11306\/revisions\/11307"}],"wp:attachment":[{"href":"https:\/\/peopleofcostarica.com\/es\/wp-json\/wp\/v2\/media?parent=11306"}],"curies":[{"name":"wp","href":"https:\/\/api.w.org\/{rel}","templated":true}]}}